{"id":82,"date":"2012-10-05T15:07:45","date_gmt":"2012-10-05T13:07:45","guid":{"rendered":"http:\/\/stg.blog-de.strato.wpcust.com\/blog\/?page_id=82"},"modified":"2012-10-05T15:07:45","modified_gmt":"2012-10-05T13:07:45","slug":"datenschutz","status":"publish","type":"page","link":"https:\/\/stg.blog-de.strato.wpcust.com\/blog\/datenschutz\/","title":{"rendered":"Datenschutz"},"content":{"rendered":"<p><strong>Datenschutzerkl\u00e4rung der STRATO, Version 3.1<\/strong><br \/>\nDer Schutz Ihrer Daten geh\u00f6rt zu den wichtigsten Grunds\u00e4tzen unseres Unternehmens. Deswegen verarbeiten wir Ihre Daten in unseren Rechenzentren in Deutschland nach dem strengen deutschen Datenschutzrecht. Wir m\u00f6chten Sie mit dieser Datenschutzerkl\u00e4rung dar\u00fcber informieren, wie wir Daten erheben und verarbeiten, wenn Sie unsere Webseite besuchen und wenn Sie unsere Dienste nutzen.<\/p>\n<p><strong>1. Welche Daten wir erheben und verarbeiten<\/strong><br \/>\nVertragsdaten: Wir erheben, verarbeiten und speichern die Daten, die Sie angeben, wenn Sie bei uns bestellen, z. B. Ihren Namen, Ihre Adresse, Ihre Bankverbindung oder Kreditkartennummer. Au\u00dferdem speichern und verarbeiten wir Daten \u00fcber den Auftrags- und Zahlungsverlauf.<\/p>\n<p>Daten, die Sie auf unseren Servern speichern: Wir erheben, verarbeiten und speichern die Daten, die Sie selbst speichern, wenn Sie unsere Dienste nutzen. Dies umfasst die Herstellung von Sicherheitskopien in unseren Backup-Systemen.<\/p>\n<p>Log-Daten: Wenn Sie unsere Webseite besuchen oder unsere Dienste nutzen \u00fcbermittelt das Ger\u00e4t, mit dem Sie die Seite aufrufen, automatisch Log-Daten (Verbindungsdaten) an unsere Server. Das ist insbesondere der Fall, wenn Sie bestellen, wenn Sie sich einloggen oder wenn Sie Daten hoch- oder runterladen. Log-Daten werden von unseren Servern auch erfasst, wenn Besucher Ihre Webseiten aufrufen. Log-Daten enthalten z. B. die IP-Adresse des Ger\u00e4tes, mit dem Sie auf die Website oder einen Dienst zugreifen, die Art des Browsers, mit dem Sie zugreifen, die Webseite, die Sie zuvor besucht haben, Ihre Systemkonfiguration sowie Datum und Zeitangaben. Wir speichern IP-Adressen nur, soweit es zur Erbringung unserer Dienste erforderlich ist. Ansonsten werden die IP-Adressen gel\u00f6scht oder anonymisiert. So werden die IP-Adressen der Besucher Ihrer Webseiten kurze Zeit nach Beendigung der Verbindung zu Ihrer Webseite anonymisiert.<\/p>\n<p>Cookies: An verschiedenen Stellen nutzen wir Cookies, um unsere Webseite und unsere Dienste zu verbessern und um die Nutzung bestimmter Features zu erm\u00f6glichen. Cookies sind kleine Kennungen, die unser Server an das Ger\u00e4t sendet, mit dem Sie auf unsere Webseite oder unsere Dienste zugreifen. Wir setzen permanente und sogenannte Session Cookies ein. Sie k\u00f6nnen Ihren Browser so einstellen, dass er Sie vor dem Setzen von Cookies informiert oder das Setzen von Cookies blockiert. Unter Umst\u00e4nden sind dann bestimmte Funktionen f\u00fcr Sie nicht nutzbar.<\/p>\n<p>Webseiten-Tracking: Zur bedarfsgerechten Gestaltung sowie zur Optimierung dieser Webseite werden durch L\u00f6sungen und Technologien der econda GmbH anonymisierte Daten erfasst und gespeichert sowie aus diesen Daten Nutzungsprofile unter der Verwendung von Pseudonymen erstellt. Zu diesem Zweck k\u00f6nnen Cookies eingesetzt werden, die die Wiedererkennung eines Internet Browsers erm\u00f6glichen. Nutzungsprofile werden jedoch ohne ausdr\u00fcckliche Zustimmung des Besuchers nicht mit Daten \u00fcber den Tr\u00e4ger des Pseudonyms zusammengef\u00fchrt. Insbesondere werden IP-Adressen unmittelbar nach Eingang unkenntlich gemacht, womit eine Zuordnung von Nutzungsprofilen zu IP-Adressen nicht m\u00f6glich ist. Besucher dieser Webseite k\u00f6nnen der Datenerfassung durch econda widersprechen.<\/p>\n<p><strong>2. Wie wir Ihre Daten verarbeiten und nutzen<\/strong><br \/>\nWir verarbeiten und nutzen Ihre Daten, um den Vertrag durchzuf\u00fchren und unsere Dienste zu erbringen, um unsere Dienste und unsere Webseiten zu verbessern und an Ihren Bedarf anzupassen, um Updates und Upgrades bereitzustellen und um Ihnen Benachrichtigungen in Bezug auf den Dienst zukommen zu lassen.<\/p>\n<p><strong>3. Wie wir Daten an Dritte weitergeben<\/strong><br \/>\nF\u00fcr Domainregistrierungen m\u00fcssen wir bestimmte personenbezogene Daten an die Registrare und Registrierungsstellen weiterleiten. Diese Daten werden in den Datenbanken der Registrierungsstellen gespeichert und sind in verschiedenem Umfang \u00fcber die Whois-Abfragen der Registrierungsstellen \u00f6ffentlich abrufbar. F\u00fcr die Registrierung einer &#8222;.de&#8220;-Domain z.B. werden an die DENIC e G, Frankfurt derzeit Namen und Anschrift des Domaininhabers, des administrativen und technischen Ansprechpartners sowie des Zonenverwalters und dar\u00fcber hinaus Telefon- und Telefaxnummer sowie E-Mail-Adresse des technischen Ansprechpartners und des Zonenverwalters weitergeleitet und dort gespeichert. Name und Adresse sind unter www.denic.de in der &#8222;Whois&#8220;-Abfrage im Internet f\u00fcr den Kunden sowie f\u00fcr Dritte jederzeit einsehbar. Bei .com-, .net-, .org-Domains m\u00fcssen wir dar\u00fcber hinaus die Telefon- und Telefaxnummer sowie E-Mail-Adresse des administrativen Ansprechpartners weiterleiten. Diese Informationen sind in den jeweiligen Whois-Datenbanken \u00f6ffentlich abrufbar. Weitere Informationen dar\u00fcber, welche Daten in den Whois der verschiedenen Registries ver\u00f6ffentlich werden, finden Sie hier.<\/p>\n<p>Wir geben Daten nur nach Ma\u00dfgabe der gesetzlichen Vorschriften oder eines gerichtlichen Titels an Beh\u00f6rden und Dritte heraus. Ausk\u00fcnfte an Beh\u00f6rden k\u00f6nnen aufgrund einer gesetzlichen Vorschrift zur Gefahrenabwehr oder zur Strafverfolgung erteilt werden. Dritte erhalten nur Ausk\u00fcnfte, wenn eine gesetzliche Vorschrift dies vorsieht. Dies kann z. B. bei Urheberrechtsverletzungen der Fall sein.<\/p>\n<p><strong>4. \u00c4ndern, Sperren und L\u00f6schen von Daten<\/strong><br \/>\nDaten, die Sie in unseren Diensten speichern, k\u00f6nnen Sie selbst \u00e4ndern und l\u00f6schen. Sicherheitskopien in unseren Backup-Systemen werden automatisch mit einer gewissen Zeitverz\u00f6gerung gel\u00f6scht.<br \/>\nNach Vertragsbeendigung l\u00f6schen wir die in den Diensten gespeicherten Daten. Vertragsdaten werden nach Vertragsbeendigung gesperrt und nach Ablauf der gesetzlichen Aufbewahrungsfrist gel\u00f6scht.<\/p>\n<p><strong>5. Sicherheit<\/strong><br \/>\nSicherheit steht bei uns an erster Stelle. F\u00fcr die Verf\u00fcgbarkeit und Sicherheit Ihrer Daten haben wir umfangreiche technische und organisatorische Sicherheitsma\u00dfnahmen getroffen. Diese werden regelm\u00e4\u00dfig \u00fcberpr\u00fcft und dem technologischen Fortschritt angepasst.<\/p>\n<p>Rechenzentren: Unsere Rechenzentren sind vom T\u00dcV S\u00dcD nach ISO 27001 zertifiziert. Diese Zertifizierung umfasst ein systematisches Sicherheitskonzept sowie zahlreiche Sicherheitsma\u00dfnahmen in der IT-Infrastruktur selbst, in der Sekund\u00e4rtechnik und in der Prozesskette. Das Sicherheitskonzept orientiert sich an festgelegten Standards und wird regelm\u00e4\u00dfig \u00fcberpr\u00fcft. Zu unseren Sicherheitsma\u00dfnahmen geh\u00f6ren Datenspiegelung zwischen beiden Rechenzentren , batteriegest\u00fctzte unterbrechungsfreie Stromversorgung, Notstromdiesel f\u00fcr bis zu vier Wochen durchg\u00e4ngig autonomen Betrieb, Laser-Feuermelder und L\u00f6schgas, Zutritts- und Zugangsregeln, Verpflichtungen und Schulungen der Mitarbeiter sowie regelm\u00e4\u00dfige Analysen neuer Sicherheitsanforderungen.<\/p>\n<p>Bestellung: Wenn Sie bestellen und uns Daten wie z.B. Ihre Bankverbindung oder Kreditkartennummer \u00fcbermitteln, stellen wir Ihnen eine verschl\u00fcsselte Verbindung (SSL) zur Verf\u00fcgung.<\/p>\n<p>Zugriff auf unsere Dienste: Verschiedene Dienste, z.B. der Online-Speicher STRATO HiDrive, bieten die M\u00f6glichkeit, auf sie \u00fcber eine verschl\u00fcsselten Verbindung zuzugreifen.<\/p>\n<p>Verschl\u00fcsselte Ablage von Daten: Sie k\u00f6nnen in unseren Diensten z. T. Daten mit g\u00e4ngigen Verschl\u00fcsselungsl\u00f6sungen (z. B. True Crypt) verschl\u00fcsselt ablegen.<\/p>\n<p><strong>6. Ihre gesetzlichen Rechte<\/strong><br \/>\nAuf Wunsch teilen wir Ihnen gerne schriftlich mit, ob und welche Daten wir \u00fcber Sie gespeichert haben. Wenn sie Ihre gesetzlichen Rechte auf Auskunft, Berichtigung, L\u00f6schung oder Sperrung Ihrer Daten geltend machen wollen, wenden Sie sich bitte an die betriebliche Datenschutzbeauftragte der STRATO AG.<\/p>\n<p><strong>Hinweis zu Google Analytics<\/strong>\u00a0\u00a0\u00a0\u00a0\u00a0\u00a0\u00a0\u00a0\u00a0\u00a0\u00a0\u00a0\u00a0\u00a0\u00a0\u00a0\u00a0\u00a0\u00a0\u00a0\u00a0\u00a0\u00a0\u00a0\u00a0\u00a0\u00a0\u00a0\u00a0\u00a0\u00a0\u00a0\u00a0\u00a0\u00a0\u00a0\u00a0\u00a0\u00a0\u00a0\u00a0\u00a0\u00a0\u00a0\u00a0\u00a0\u00a0\u00a0\u00a0\u00a0\u00a0\u00a0\u00a0\u00a0\u00a0\u00a0\u00a0\u00a0\u00a0\u00a0\u00a0\u00a0\u00a0\u00a0\u00a0\u00a0\u00a0\u00a0\u00a0\u00a0\u00a0\u00a0\u00a0\u00a0\u00a0\u00a0\u00a0\u00a0\u00a0\u00a0\u00a0\u00a0\u00a0\u00a0\u00a0\u00a0 Diese Website benutzt Google Analytics, einen Webanalysedienst der Google Inc. (\u201eGoogle\u201c). Google Analytics verwendet sog. \u201eCookies\u201c, Textdateien, die auf Ihrem Computer gespeichert werden und die eine Analyse der Benutzung der Website durch Sie erm\u00f6glichen. Die durch den Cookie erzeugten Informationen \u00fcber Ihre Benutzung dieser Website (einschlie\u00dflich Ihrer IP-Adresse, die jedoch mit der Methode _anonymizeIp() anonymisiert wird, so dass Sie nicht mehr einem Anschluss zugeordnet werden kann) wird an einen Server von Google in den USA \u00fcbertragen und dort gespeichert.<\/p>\n<p>Google wird diese Informationen benutzen, um Ihre Nutzung der Website auszuwerten, um Reports \u00fcber die Websiteaktivit\u00e4ten f\u00fcr die Websitebetreiber zusammenzustellen und um weitere mit der Websitenutzung und der Internetnutzung verbundene Dienstleistungen zu erbringen. Auch wird Google diese Informationen gegebenenfalls an Dritte \u00fcbertragen, sofern dies gesetzlich vorgeschrieben oder soweit Dritte diese Daten im Auftrag von Google verarbeiten. Google wird in keinem Fall Ihre IP-Adresse mit anderen Daten von Google in Verbindung bringen. Sie k\u00f6nnen die Installation der Cookies durch eine entsprechende Einstellung Ihrer Browser-Software verhindern; wir weisen Sie jedoch darauf hin, dass Sie in diesem Fall gegebenenfalls nicht s\u00e4mtliche Funktionen dieser Website vollumf\u00e4nglich nutzen k\u00f6nnen.\u00a0Durch die Nutzung dieser Website erkl\u00e4ren Sie sich mit der Bearbeitung der \u00fcber Sie erhobenen Daten durch Google in der zuvor beschriebenen Art und Weise und zu dem zuvor benannten Zweck einverstanden.<\/p>\n<p>Sie k\u00f6nnen der Erhebung der Daten durch Google-Analytics mit Wirkung f\u00fcr die Zukunft widersprechen, indem sie ein Deaktivierungs-Add-on (<a href=\"http:\/\/tools.google.com\/dlpage\/gaoptout?hl=de\">http:\/\/tools.google.com\/dlpage\/gaoptout?hl=de<\/a>) f\u00fcr Ihren Browser installieren.<\/p>\n<p>&nbsp;<\/p>\n<p>Datenschutzbeauftragter<br \/>\nSTRATO AG<br \/>\nPascalstra\u00dfe 10<br \/>\n10587 Berlin<\/p>\n<p><strong>Fragen<\/strong><br \/>\nFragen zum Datenschutz beantworten wir gerne. Senden Sie uns einfach eine E-Mail an:<br \/>\n<a href=\"mailto:datenschutz@strato.de\">datenschutz@strato.de<\/a><\/p>\n","protected":false},"excerpt":{"rendered":"<p>Datenschutzerkl\u00e4rung der STRATO, Version 3.1 Der Schutz Ihrer Daten geh\u00f6rt zu den wichtigsten Grunds\u00e4tzen unseres Unternehmens. Deswegen verarbeiten wir Ihre Daten in unseren Rechenzentren in Deutschland nach dem strengen deutschen Datenschutzrecht. Wir m\u00f6chten Sie mit dieser Datenschutzerkl\u00e4rung dar\u00fcber informieren, wie wir Daten erheben und verarbeiten, wenn Sie unsere Webseite besuchen und wenn Sie unsere Dienste [&hellip;]<\/p>\n","protected":false},"author":3,"featured_media":0,"parent":0,"menu_order":2,"comment_status":"closed","ping_status":"open","template":"","meta":{"footnotes":""},"acf":[],"yoast_head":"<!-- This site is optimized with the Yoast SEO plugin v20.13 - https:\/\/yoast.com\/wordpress\/plugins\/seo\/ -->\n<title>Datenschutz | STRATO Blog DE Staging<\/title>\n<meta name=\"robots\" content=\"noindex, follow\" \/>\n<meta property=\"og:locale\" content=\"de_DE\" \/>\n<meta property=\"og:type\" content=\"article\" \/>\n<meta property=\"og:title\" content=\"Datenschutz | STRATO Blog DE Staging\" \/>\n<meta property=\"og:description\" content=\"Datenschutzerkl\u00e4rung der STRATO, Version 3.1 Der Schutz Ihrer Daten geh\u00f6rt zu den wichtigsten Grunds\u00e4tzen unseres Unternehmens. Deswegen verarbeiten wir Ihre Daten in unseren Rechenzentren in Deutschland nach dem strengen deutschen Datenschutzrecht. Wir m\u00f6chten Sie mit dieser Datenschutzerkl\u00e4rung dar\u00fcber informieren, wie wir Daten erheben und verarbeiten, wenn Sie unsere Webseite besuchen und wenn Sie unsere Dienste [&hellip;]\" \/>\n<meta property=\"og:url\" content=\"https:\/\/stg.blog-de.strato.wpcust.com\/blog\/datenschutz\/\" \/>\n<meta property=\"og:site_name\" content=\"STRATO Blog DE Staging\" \/>\n<meta property=\"article:publisher\" content=\"https:\/\/www.facebook.com\/strato\" \/>\n<meta name=\"twitter:card\" content=\"summary_large_image\" \/>\n<meta name=\"twitter:site\" content=\"@STRATO_AG\" \/>\n<meta name=\"twitter:label1\" content=\"Gesch\u00e4tzte Lesezeit\" \/>\n\t<meta name=\"twitter:data1\" content=\"7 Minuten\" \/>\n<script type=\"application\/ld+json\" class=\"yoast-schema-graph\">{\"@context\":\"https:\/\/schema.org\",\"@graph\":[{\"@type\":\"WebPage\",\"@id\":\"https:\/\/stg.blog-de.strato.wpcust.com\/blog\/datenschutz\/\",\"url\":\"https:\/\/stg.blog-de.strato.wpcust.com\/blog\/datenschutz\/\",\"name\":\"Datenschutz | STRATO Blog DE Staging\",\"isPartOf\":{\"@id\":\"https:\/\/stg.blog-de.strato.wpcust.com\/blog\/#website\"},\"datePublished\":\"2012-10-05T13:07:45+00:00\",\"dateModified\":\"2012-10-05T13:07:45+00:00\",\"breadcrumb\":{\"@id\":\"https:\/\/stg.blog-de.strato.wpcust.com\/blog\/datenschutz\/#breadcrumb\"},\"inLanguage\":\"de-DE\",\"potentialAction\":[{\"@type\":\"ReadAction\",\"target\":[\"https:\/\/stg.blog-de.strato.wpcust.com\/blog\/datenschutz\/\"]}]},{\"@type\":\"BreadcrumbList\",\"@id\":\"https:\/\/stg.blog-de.strato.wpcust.com\/blog\/datenschutz\/#breadcrumb\",\"itemListElement\":[{\"@type\":\"ListItem\",\"position\":1,\"name\":\"Home\",\"item\":\"https:\/\/stg.blog-de.strato.wpcust.com\/blog\/\"},{\"@type\":\"ListItem\",\"position\":2,\"name\":\"Datenschutz\"}]},{\"@type\":\"WebSite\",\"@id\":\"https:\/\/stg.blog-de.strato.wpcust.com\/blog\/#website\",\"url\":\"https:\/\/stg.blog-de.strato.wpcust.com\/blog\/\",\"name\":\"STRATO Blog DE Staging\",\"description\":\"\",\"potentialAction\":[{\"@type\":\"SearchAction\",\"target\":{\"@type\":\"EntryPoint\",\"urlTemplate\":\"https:\/\/stg.blog-de.strato.wpcust.com\/blog\/?s={search_term_string}\"},\"query-input\":\"required name=search_term_string\"}],\"inLanguage\":\"de-DE\"}]}<\/script>\n<!-- \/ Yoast SEO plugin. -->","yoast_head_json":{"title":"Datenschutz | STRATO Blog DE Staging","robots":{"index":"noindex","follow":"follow"},"og_locale":"de_DE","og_type":"article","og_title":"Datenschutz | STRATO Blog DE Staging","og_description":"Datenschutzerkl\u00e4rung der STRATO, Version 3.1 Der Schutz Ihrer Daten geh\u00f6rt zu den wichtigsten Grunds\u00e4tzen unseres Unternehmens. Deswegen verarbeiten wir Ihre Daten in unseren Rechenzentren in Deutschland nach dem strengen deutschen Datenschutzrecht. Wir m\u00f6chten Sie mit dieser Datenschutzerkl\u00e4rung dar\u00fcber informieren, wie wir Daten erheben und verarbeiten, wenn Sie unsere Webseite besuchen und wenn Sie unsere Dienste [&hellip;]","og_url":"https:\/\/stg.blog-de.strato.wpcust.com\/blog\/datenschutz\/","og_site_name":"STRATO Blog DE Staging","article_publisher":"https:\/\/www.facebook.com\/strato","twitter_card":"summary_large_image","twitter_site":"@STRATO_AG","twitter_misc":{"Gesch\u00e4tzte Lesezeit":"7 Minuten"},"schema":{"@context":"https:\/\/schema.org","@graph":[{"@type":"WebPage","@id":"https:\/\/stg.blog-de.strato.wpcust.com\/blog\/datenschutz\/","url":"https:\/\/stg.blog-de.strato.wpcust.com\/blog\/datenschutz\/","name":"Datenschutz | STRATO Blog DE Staging","isPartOf":{"@id":"https:\/\/stg.blog-de.strato.wpcust.com\/blog\/#website"},"datePublished":"2012-10-05T13:07:45+00:00","dateModified":"2012-10-05T13:07:45+00:00","breadcrumb":{"@id":"https:\/\/stg.blog-de.strato.wpcust.com\/blog\/datenschutz\/#breadcrumb"},"inLanguage":"de-DE","potentialAction":[{"@type":"ReadAction","target":["https:\/\/stg.blog-de.strato.wpcust.com\/blog\/datenschutz\/"]}]},{"@type":"BreadcrumbList","@id":"https:\/\/stg.blog-de.strato.wpcust.com\/blog\/datenschutz\/#breadcrumb","itemListElement":[{"@type":"ListItem","position":1,"name":"Home","item":"https:\/\/stg.blog-de.strato.wpcust.com\/blog\/"},{"@type":"ListItem","position":2,"name":"Datenschutz"}]},{"@type":"WebSite","@id":"https:\/\/stg.blog-de.strato.wpcust.com\/blog\/#website","url":"https:\/\/stg.blog-de.strato.wpcust.com\/blog\/","name":"STRATO Blog DE Staging","description":"","potentialAction":[{"@type":"SearchAction","target":{"@type":"EntryPoint","urlTemplate":"https:\/\/stg.blog-de.strato.wpcust.com\/blog\/?s={search_term_string}"},"query-input":"required name=search_term_string"}],"inLanguage":"de-DE"}]}},"_links":{"self":[{"href":"https:\/\/stg.blog-de.strato.wpcust.com\/blog\/wp-json\/wp\/v2\/pages\/82"}],"collection":[{"href":"https:\/\/stg.blog-de.strato.wpcust.com\/blog\/wp-json\/wp\/v2\/pages"}],"about":[{"href":"https:\/\/stg.blog-de.strato.wpcust.com\/blog\/wp-json\/wp\/v2\/types\/page"}],"author":[{"embeddable":true,"href":"https:\/\/stg.blog-de.strato.wpcust.com\/blog\/wp-json\/wp\/v2\/users\/3"}],"replies":[{"embeddable":true,"href":"https:\/\/stg.blog-de.strato.wpcust.com\/blog\/wp-json\/wp\/v2\/comments?post=82"}],"version-history":[{"count":0,"href":"https:\/\/stg.blog-de.strato.wpcust.com\/blog\/wp-json\/wp\/v2\/pages\/82\/revisions"}],"wp:attachment":[{"href":"https:\/\/stg.blog-de.strato.wpcust.com\/blog\/wp-json\/wp\/v2\/media?parent=82"}],"curies":[{"name":"wp","href":"https:\/\/api.w.org\/{rel}","templated":true}]}}