{"id":5213,"date":"2014-07-08T17:14:35","date_gmt":"2014-07-08T15:14:35","guid":{"rendered":"http:\/\/stg.blog-de.strato.wpcust.com\/blog\/?page_id=5213"},"modified":"2020-02-11T15:16:29","modified_gmt":"2020-02-11T14:16:29","slug":"netiquette","status":"publish","type":"page","link":"https:\/\/stg.blog-de.strato.wpcust.com\/blog\/netiquette\/","title":{"rendered":"Netiquette"},"content":{"rendered":"\n<h2 class=\"wp-block-heading\">STRATO hilft auf Facebook &amp; Twitter<\/h2>\n\n\n<p>Liebe STRATO Kunden, liebe STRATO Fans,<\/p>\n<p><strong>Wir bieten<\/strong>: Offene Ohren auf zwei Seiten. Auf \u201eSTRATO hilft\u201c beantworten wir gerne Eure individuellen Fragen. Auf unserer Unternehmensseite bieten wir Euch Hintergrundinfos zum Unternehmen und zu den STRATO Produkten. Das ist auch der richtige Platz f\u00fcr allgemeine Fragen, Kritik und Verbesserungsvorschl\u00e4ge \u2013 dar\u00fcber freuen wir uns.\u00a0Wir w\u00fcnschen uns: Konstruktives Feedback, Ideen und Anregungen, freundliche und respektvolle\u00a0Dialoge, Toleranz und Respekt gegen\u00fcber anderen Fans und uns.<\/p>\n<p><strong>Wir bitten Euch<\/strong>: Postet keine pers\u00f6nlichen Daten wie Kundennummern oder E-Mail-Adressen \u2013 alle Dialoge finden \u00f6ffentlich statt. Wir nennen Euch daf\u00fcr eine Mail-Adresse, falls wir Daten von Euch ben\u00f6tigen. Bitte beachtet auch die allgemeinen Regeln von Facebook.<\/p>\n<p><strong>Wir l\u00f6schen<\/strong>: Postings, die pers\u00f6nliche Daten enthalten sowie Postings gleichen Inhalts. Au\u00dferdem l\u00f6schen wir Beschimpfungen und Beleidigungen, Werbung, Spam, Massenpostings ohne f\u00fcr uns erkennbaren Mehrwert, offensichtliche unwahre Tatsachenbehauptungen, Verletzungen des deutschen Rechts, z. B. des Urheber- oder Pers\u00f6nlichkeitsrechts, pornografische, rassistische und gewaltverherrlichende Inhalte, Unternehmensinterna sowie alles, was keinen Themenbezug aufweist und nichts mit STRATO zu tun hat.<\/p>\n<p>STRATO \u00fcbernimmt keine Verantwortung f\u00fcr die Ver\u00f6ffentlichungen fremder Inhalte, die<br \/>von Facebook-Nutzern auf die Facebook-Seite der STRATO AG gepostet werden. Dazu z\u00e4hlen Pinnwandeintr\u00e4ge, Kommentare, Fotos, Videos und Verlinkungen.<br \/>Danke f\u00fcr Euer Verst\u00e4ndnis!<\/p>\n\n\n<h2 class=\"wp-block-heading\">Kommentar-Richtlinien im STRATO Blog<\/h2>\n\n\n\n<p>Wir freuen uns auf Anmerkungen, Feedback und einen regen\nAustausch mit Euch. Ein freundlicher und respektvoller Umgang miteinander ist\nuns auf unserem Blog sehr wichtig, daher m\u00f6chten wir Euch bitten, folgende\nRichtlinien zu beachten:<\/p>\n\n\n\n<ul><li>Schreibt respektvoll<\/li><li>Behandelt andere Kommentatoren und Autoren dieses Blogs so, wie Ihr selbst behandelt werden m\u00f6chtet<\/li><li>Kommentare sollen das jeweilige Thema voranbringen<\/li><\/ul>\n\n\n\n<p>Wir m\u00f6chten Euch mit unseren Themen informieren und Euch einen interessanten Einblick in unser Unternehmen gew\u00e4hren.<br>Bitte nutzt den Blog nicht, um \u00fcber pers\u00f6nliche Einzelf\u00e4lle zu berichten, f\u00fcr die unser Kundenservice zust\u00e4ndig ist. Wir bieten Euch folgende M\u00f6glichkeiten, um unser Serviceteam im Social Web zu kontaktieren:<br> <a rel=\"noreferrer noopener\" href=\"http:\/\/www.facebook.com\/stratohilft\" target=\"_blank\">www.facebook.com\/stratohilft<\/a><br> <a rel=\"noreferrer noopener\" href=\"http:\/\/www.twitter.com\/strato_hilft\" target=\"_blank\">www.twitter.com\/strato_hilft<\/a><\/p>\n\n\n\n<p>Wir behalten uns im Interesse aller Leser vor, Kommentare zu\nl\u00f6schen oder nicht zu ver\u00f6ffentlichen, wenn diese:<\/p>\n\n\n\n<ul><li>beleidigend<\/li><li>verleumderisch<\/li><li>rassistisch<\/li><li>gewaltt\u00e4tig<\/li><li>pornographisch<\/li><li>offenkundig zur gewerblichen Nutzung<\/li><li>unangebracht<\/li><\/ul>\n\n\n\n<p>sind.<\/p>\n\n\n\n<p>Jeder Nutzer ist f\u00fcr die von ihm publizierten Beitr\u00e4ge und\ndessen Inhalt selbst verantwortlich. Die STRATO AG haftet nicht f\u00fcr\nUrheberrechtsverletzungen. Dies gilt insbesondere f\u00fcr Bilder und Texte.<\/p>\n\n\n\n<p>Bitte beachtet auch unsere <a href=\"\/datenschutz\/\">Datenschutzrichtlinien<\/a>.<\/p>\n","protected":false},"excerpt":{"rendered":"<p>STRATO hilft auf Facebook &amp; Twitter Liebe STRATO Kunden, liebe STRATO Fans, Wir bieten: Offene Ohren auf zwei Seiten. Auf \u201eSTRATO hilft\u201c beantworten wir gerne Eure individuellen Fragen. Auf unserer Unternehmensseite bieten wir Euch Hintergrundinfos zum Unternehmen und zu den STRATO Produkten. Das ist auch der richtige Platz f\u00fcr allgemeine Fragen, Kritik und Verbesserungsvorschl\u00e4ge \u2013 [&hellip;]<\/p>\n","protected":false},"author":2,"featured_media":0,"parent":0,"menu_order":0,"comment_status":"closed","ping_status":"closed","template":"","meta":{"footnotes":""},"acf":[],"yoast_head":"<!-- This site is optimized with the Yoast SEO plugin v20.13 - https:\/\/yoast.com\/wordpress\/plugins\/seo\/ -->\n<title>Netiquette | STRATO Blog DE Staging<\/title>\n<meta name=\"robots\" content=\"noindex, follow, max-snippet:-1, max-image-preview:large, max-video-preview:-1\" \/>\n<meta property=\"og:locale\" content=\"de_DE\" \/>\n<meta property=\"og:type\" content=\"article\" \/>\n<meta property=\"og:title\" content=\"Netiquette | STRATO Blog DE Staging\" \/>\n<meta property=\"og:description\" content=\"STRATO hilft auf Facebook &amp; Twitter Liebe STRATO Kunden, liebe STRATO Fans, Wir bieten: Offene Ohren auf zwei Seiten. Auf \u201eSTRATO hilft\u201c beantworten wir gerne Eure individuellen Fragen. Auf unserer Unternehmensseite bieten wir Euch Hintergrundinfos zum Unternehmen und zu den STRATO Produkten. Das ist auch der richtige Platz f\u00fcr allgemeine Fragen, Kritik und Verbesserungsvorschl\u00e4ge \u2013 [&hellip;]\" \/>\n<meta property=\"og:url\" content=\"https:\/\/stg.blog-de.strato.wpcust.com\/blog\/netiquette\/\" \/>\n<meta property=\"og:site_name\" content=\"STRATO Blog DE Staging\" \/>\n<meta property=\"article:publisher\" content=\"https:\/\/www.facebook.com\/strato\" \/>\n<meta property=\"article:modified_time\" content=\"2020-02-11T14:16:29+00:00\" \/>\n<meta name=\"twitter:card\" content=\"summary_large_image\" \/>\n<meta name=\"twitter:site\" content=\"@STRATO_AG\" \/>\n<meta name=\"twitter:label1\" content=\"Gesch\u00e4tzte Lesezeit\" \/>\n\t<meta name=\"twitter:data1\" content=\"2 Minuten\" \/>\n<script type=\"application\/ld+json\" class=\"yoast-schema-graph\">{\"@context\":\"https:\/\/schema.org\",\"@graph\":[{\"@type\":\"WebPage\",\"@id\":\"https:\/\/stg.blog-de.strato.wpcust.com\/blog\/netiquette\/\",\"url\":\"https:\/\/stg.blog-de.strato.wpcust.com\/blog\/netiquette\/\",\"name\":\"Netiquette | STRATO Blog DE Staging\",\"isPartOf\":{\"@id\":\"https:\/\/stg.blog-de.strato.wpcust.com\/blog\/#website\"},\"datePublished\":\"2014-07-08T15:14:35+00:00\",\"dateModified\":\"2020-02-11T14:16:29+00:00\",\"breadcrumb\":{\"@id\":\"https:\/\/stg.blog-de.strato.wpcust.com\/blog\/netiquette\/#breadcrumb\"},\"inLanguage\":\"de-DE\",\"potentialAction\":[{\"@type\":\"ReadAction\",\"target\":[\"https:\/\/stg.blog-de.strato.wpcust.com\/blog\/netiquette\/\"]}]},{\"@type\":\"BreadcrumbList\",\"@id\":\"https:\/\/stg.blog-de.strato.wpcust.com\/blog\/netiquette\/#breadcrumb\",\"itemListElement\":[{\"@type\":\"ListItem\",\"position\":1,\"name\":\"Home\",\"item\":\"https:\/\/stg.blog-de.strato.wpcust.com\/blog\/\"},{\"@type\":\"ListItem\",\"position\":2,\"name\":\"Netiquette\"}]},{\"@type\":\"WebSite\",\"@id\":\"https:\/\/stg.blog-de.strato.wpcust.com\/blog\/#website\",\"url\":\"https:\/\/stg.blog-de.strato.wpcust.com\/blog\/\",\"name\":\"STRATO Blog DE Staging\",\"description\":\"\",\"potentialAction\":[{\"@type\":\"SearchAction\",\"target\":{\"@type\":\"EntryPoint\",\"urlTemplate\":\"https:\/\/stg.blog-de.strato.wpcust.com\/blog\/?s={search_term_string}\"},\"query-input\":\"required name=search_term_string\"}],\"inLanguage\":\"de-DE\"}]}<\/script>\n<!-- \/ Yoast SEO plugin. -->","yoast_head_json":{"title":"Netiquette | STRATO Blog DE Staging","robots":{"index":"noindex","follow":"follow","max-snippet":"max-snippet:-1","max-image-preview":"max-image-preview:large","max-video-preview":"max-video-preview:-1"},"og_locale":"de_DE","og_type":"article","og_title":"Netiquette | STRATO Blog DE Staging","og_description":"STRATO hilft auf Facebook &amp; Twitter Liebe STRATO Kunden, liebe STRATO Fans, Wir bieten: Offene Ohren auf zwei Seiten. Auf \u201eSTRATO hilft\u201c beantworten wir gerne Eure individuellen Fragen. Auf unserer Unternehmensseite bieten wir Euch Hintergrundinfos zum Unternehmen und zu den STRATO Produkten. Das ist auch der richtige Platz f\u00fcr allgemeine Fragen, Kritik und Verbesserungsvorschl\u00e4ge \u2013 [&hellip;]","og_url":"https:\/\/stg.blog-de.strato.wpcust.com\/blog\/netiquette\/","og_site_name":"STRATO Blog DE Staging","article_publisher":"https:\/\/www.facebook.com\/strato","article_modified_time":"2020-02-11T14:16:29+00:00","twitter_card":"summary_large_image","twitter_site":"@STRATO_AG","twitter_misc":{"Gesch\u00e4tzte Lesezeit":"2 Minuten"},"schema":{"@context":"https:\/\/schema.org","@graph":[{"@type":"WebPage","@id":"https:\/\/stg.blog-de.strato.wpcust.com\/blog\/netiquette\/","url":"https:\/\/stg.blog-de.strato.wpcust.com\/blog\/netiquette\/","name":"Netiquette | STRATO Blog DE Staging","isPartOf":{"@id":"https:\/\/stg.blog-de.strato.wpcust.com\/blog\/#website"},"datePublished":"2014-07-08T15:14:35+00:00","dateModified":"2020-02-11T14:16:29+00:00","breadcrumb":{"@id":"https:\/\/stg.blog-de.strato.wpcust.com\/blog\/netiquette\/#breadcrumb"},"inLanguage":"de-DE","potentialAction":[{"@type":"ReadAction","target":["https:\/\/stg.blog-de.strato.wpcust.com\/blog\/netiquette\/"]}]},{"@type":"BreadcrumbList","@id":"https:\/\/stg.blog-de.strato.wpcust.com\/blog\/netiquette\/#breadcrumb","itemListElement":[{"@type":"ListItem","position":1,"name":"Home","item":"https:\/\/stg.blog-de.strato.wpcust.com\/blog\/"},{"@type":"ListItem","position":2,"name":"Netiquette"}]},{"@type":"WebSite","@id":"https:\/\/stg.blog-de.strato.wpcust.com\/blog\/#website","url":"https:\/\/stg.blog-de.strato.wpcust.com\/blog\/","name":"STRATO Blog DE Staging","description":"","potentialAction":[{"@type":"SearchAction","target":{"@type":"EntryPoint","urlTemplate":"https:\/\/stg.blog-de.strato.wpcust.com\/blog\/?s={search_term_string}"},"query-input":"required name=search_term_string"}],"inLanguage":"de-DE"}]}},"_links":{"self":[{"href":"https:\/\/stg.blog-de.strato.wpcust.com\/blog\/wp-json\/wp\/v2\/pages\/5213"}],"collection":[{"href":"https:\/\/stg.blog-de.strato.wpcust.com\/blog\/wp-json\/wp\/v2\/pages"}],"about":[{"href":"https:\/\/stg.blog-de.strato.wpcust.com\/blog\/wp-json\/wp\/v2\/types\/page"}],"author":[{"embeddable":true,"href":"https:\/\/stg.blog-de.strato.wpcust.com\/blog\/wp-json\/wp\/v2\/users\/2"}],"replies":[{"embeddable":true,"href":"https:\/\/stg.blog-de.strato.wpcust.com\/blog\/wp-json\/wp\/v2\/comments?post=5213"}],"version-history":[{"count":2,"href":"https:\/\/stg.blog-de.strato.wpcust.com\/blog\/wp-json\/wp\/v2\/pages\/5213\/revisions"}],"predecessor-version":[{"id":77014,"href":"https:\/\/stg.blog-de.strato.wpcust.com\/blog\/wp-json\/wp\/v2\/pages\/5213\/revisions\/77014"}],"wp:attachment":[{"href":"https:\/\/stg.blog-de.strato.wpcust.com\/blog\/wp-json\/wp\/v2\/media?parent=5213"}],"curies":[{"name":"wp","href":"https:\/\/api.w.org\/{rel}","templated":true}]}}