{"id":43,"date":"2012-10-05T10:38:50","date_gmt":"2012-10-05T08:38:50","guid":{"rendered":"http:\/\/stg.blog-de.strato.wpcust.com\/blog\/?page_id=43"},"modified":"2020-09-09T17:21:03","modified_gmt":"2020-09-09T15:21:03","slug":"impressum","status":"publish","type":"page","link":"https:\/\/stg.blog-de.strato.wpcust.com\/blog\/impressum\/","title":{"rendered":"Impressum"},"content":{"rendered":"<p><strong>FIRMENSITZ<\/strong><\/p>\n<p>STRATO AG<\/p>\n<p>Pascalstra\u00dfe 10<\/p>\n<p>10587 Berlin<\/p>\n<p>www.strato.de<\/p>\n<p><strong>AUFSICHTSRAT<\/strong><\/p>\n<ul>\n<li>Markus Kadelke (Vorsitz)<\/li>\n<\/ul>\n<p><strong>VORSTAND<\/strong><\/p>\n<ul>\n<li><strong>Claudia Frese (Vorsitz)<\/strong><\/li>\n<li>H\u00fcseyin Dogan<\/li>\n<li>Hans-Henning Kettler<\/li>\n<li>Christoph Steffens<\/li>\n<li>Achim Wei\u00df<\/li>\n<\/ul>\n","protected":false},"excerpt":{"rendered":"<p>FIRMENSITZ STRATO AG Pascalstra\u00dfe 10 10587 Berlin www.strato.de AUFSICHTSRAT Markus Kadelke (Vorsitz) VORSTAND Claudia Frese (Vorsitz) H\u00fcseyin Dogan Hans-Henning Kettler Christoph Steffens Achim Wei\u00df<\/p>\n","protected":false},"author":3,"featured_media":0,"parent":0,"menu_order":3,"comment_status":"closed","ping_status":"open","template":"","meta":{"footnotes":""},"acf":[],"yoast_head":"<!-- This site is optimized with the Yoast SEO plugin v20.13 - https:\/\/yoast.com\/wordpress\/plugins\/seo\/ -->\n<title>Impressum | STRATO Blog DE Staging<\/title>\n<meta name=\"robots\" content=\"noindex, follow\" \/>\n<meta property=\"og:locale\" content=\"de_DE\" \/>\n<meta property=\"og:type\" content=\"article\" \/>\n<meta property=\"og:title\" content=\"Impressum | STRATO Blog DE Staging\" \/>\n<meta property=\"og:description\" content=\"FIRMENSITZ STRATO AG Pascalstra\u00dfe 10 10587 Berlin www.strato.de AUFSICHTSRAT Markus Kadelke (Vorsitz) VORSTAND Claudia Frese (Vorsitz) H\u00fcseyin Dogan Hans-Henning Kettler Christoph Steffens Achim Wei\u00df\" \/>\n<meta property=\"og:url\" content=\"https:\/\/stg.blog-de.strato.wpcust.com\/blog\/impressum\/\" \/>\n<meta property=\"og:site_name\" content=\"STRATO Blog DE Staging\" \/>\n<meta property=\"article:publisher\" content=\"https:\/\/www.facebook.com\/strato\" \/>\n<meta property=\"article:modified_time\" content=\"2020-09-09T15:21:03+00:00\" \/>\n<meta name=\"twitter:card\" content=\"summary_large_image\" \/>\n<meta name=\"twitter:site\" content=\"@STRATO_AG\" \/>\n<script type=\"application\/ld+json\" class=\"yoast-schema-graph\">{\"@context\":\"https:\/\/schema.org\",\"@graph\":[{\"@type\":\"WebPage\",\"@id\":\"https:\/\/stg.blog-de.strato.wpcust.com\/blog\/impressum\/\",\"url\":\"https:\/\/stg.blog-de.strato.wpcust.com\/blog\/impressum\/\",\"name\":\"Impressum | STRATO Blog DE Staging\",\"isPartOf\":{\"@id\":\"https:\/\/stg.blog-de.strato.wpcust.com\/blog\/#website\"},\"datePublished\":\"2012-10-05T08:38:50+00:00\",\"dateModified\":\"2020-09-09T15:21:03+00:00\",\"breadcrumb\":{\"@id\":\"https:\/\/stg.blog-de.strato.wpcust.com\/blog\/impressum\/#breadcrumb\"},\"inLanguage\":\"de-DE\",\"potentialAction\":[{\"@type\":\"ReadAction\",\"target\":[\"https:\/\/stg.blog-de.strato.wpcust.com\/blog\/impressum\/\"]}]},{\"@type\":\"BreadcrumbList\",\"@id\":\"https:\/\/stg.blog-de.strato.wpcust.com\/blog\/impressum\/#breadcrumb\",\"itemListElement\":[{\"@type\":\"ListItem\",\"position\":1,\"name\":\"Home\",\"item\":\"https:\/\/stg.blog-de.strato.wpcust.com\/blog\/\"},{\"@type\":\"ListItem\",\"position\":2,\"name\":\"Impressum\"}]},{\"@type\":\"WebSite\",\"@id\":\"https:\/\/stg.blog-de.strato.wpcust.com\/blog\/#website\",\"url\":\"https:\/\/stg.blog-de.strato.wpcust.com\/blog\/\",\"name\":\"STRATO Blog DE Staging\",\"description\":\"\",\"potentialAction\":[{\"@type\":\"SearchAction\",\"target\":{\"@type\":\"EntryPoint\",\"urlTemplate\":\"https:\/\/stg.blog-de.strato.wpcust.com\/blog\/?s={search_term_string}\"},\"query-input\":\"required name=search_term_string\"}],\"inLanguage\":\"de-DE\"}]}<\/script>\n<!-- \/ Yoast SEO plugin. -->","yoast_head_json":{"title":"Impressum | STRATO Blog DE Staging","robots":{"index":"noindex","follow":"follow"},"og_locale":"de_DE","og_type":"article","og_title":"Impressum | STRATO Blog DE Staging","og_description":"FIRMENSITZ STRATO AG Pascalstra\u00dfe 10 10587 Berlin www.strato.de AUFSICHTSRAT Markus Kadelke (Vorsitz) VORSTAND Claudia Frese (Vorsitz) H\u00fcseyin Dogan Hans-Henning Kettler Christoph Steffens Achim Wei\u00df","og_url":"https:\/\/stg.blog-de.strato.wpcust.com\/blog\/impressum\/","og_site_name":"STRATO Blog DE Staging","article_publisher":"https:\/\/www.facebook.com\/strato","article_modified_time":"2020-09-09T15:21:03+00:00","twitter_card":"summary_large_image","twitter_site":"@STRATO_AG","schema":{"@context":"https:\/\/schema.org","@graph":[{"@type":"WebPage","@id":"https:\/\/stg.blog-de.strato.wpcust.com\/blog\/impressum\/","url":"https:\/\/stg.blog-de.strato.wpcust.com\/blog\/impressum\/","name":"Impressum | STRATO Blog DE Staging","isPartOf":{"@id":"https:\/\/stg.blog-de.strato.wpcust.com\/blog\/#website"},"datePublished":"2012-10-05T08:38:50+00:00","dateModified":"2020-09-09T15:21:03+00:00","breadcrumb":{"@id":"https:\/\/stg.blog-de.strato.wpcust.com\/blog\/impressum\/#breadcrumb"},"inLanguage":"de-DE","potentialAction":[{"@type":"ReadAction","target":["https:\/\/stg.blog-de.strato.wpcust.com\/blog\/impressum\/"]}]},{"@type":"BreadcrumbList","@id":"https:\/\/stg.blog-de.strato.wpcust.com\/blog\/impressum\/#breadcrumb","itemListElement":[{"@type":"ListItem","position":1,"name":"Home","item":"https:\/\/stg.blog-de.strato.wpcust.com\/blog\/"},{"@type":"ListItem","position":2,"name":"Impressum"}]},{"@type":"WebSite","@id":"https:\/\/stg.blog-de.strato.wpcust.com\/blog\/#website","url":"https:\/\/stg.blog-de.strato.wpcust.com\/blog\/","name":"STRATO Blog DE Staging","description":"","potentialAction":[{"@type":"SearchAction","target":{"@type":"EntryPoint","urlTemplate":"https:\/\/stg.blog-de.strato.wpcust.com\/blog\/?s={search_term_string}"},"query-input":"required name=search_term_string"}],"inLanguage":"de-DE"}]}},"_links":{"self":[{"href":"https:\/\/stg.blog-de.strato.wpcust.com\/blog\/wp-json\/wp\/v2\/pages\/43"}],"collection":[{"href":"https:\/\/stg.blog-de.strato.wpcust.com\/blog\/wp-json\/wp\/v2\/pages"}],"about":[{"href":"https:\/\/stg.blog-de.strato.wpcust.com\/blog\/wp-json\/wp\/v2\/types\/page"}],"author":[{"embeddable":true,"href":"https:\/\/stg.blog-de.strato.wpcust.com\/blog\/wp-json\/wp\/v2\/users\/3"}],"replies":[{"embeddable":true,"href":"https:\/\/stg.blog-de.strato.wpcust.com\/blog\/wp-json\/wp\/v2\/comments?post=43"}],"version-history":[{"count":8,"href":"https:\/\/stg.blog-de.strato.wpcust.com\/blog\/wp-json\/wp\/v2\/pages\/43\/revisions"}],"predecessor-version":[{"id":87110,"href":"https:\/\/stg.blog-de.strato.wpcust.com\/blog\/wp-json\/wp\/v2\/pages\/43\/revisions\/87110"}],"wp:attachment":[{"href":"https:\/\/stg.blog-de.strato.wpcust.com\/blog\/wp-json\/wp\/v2\/media?parent=43"}],"curies":[{"name":"wp","href":"https:\/\/api.w.org\/{rel}","templated":true}]}}